{"id":1687,"date":"2025-07-29T22:38:44","date_gmt":"2025-07-30T01:38:44","guid":{"rendered":"https:\/\/abcvnacional.org.br\/?page_id=1687"},"modified":"2025-07-29T22:40:11","modified_gmt":"2025-07-30T01:40:11","slug":"reembolso-e-arrependimentos","status":"publish","type":"page","link":"https:\/\/abcvnacional.org.br\/es\/reembolso-e-arrependimentos\/","title":{"rendered":"Reembolso e arrependimentos!"},"content":{"rendered":"<div data-elementor-type=\"wp-page\" data-elementor-id=\"1687\" class=\"elementor elementor-1687\" data-elementor-post-type=\"page\">\n\t\t\t\t<div class=\"elementor-element elementor-element-3a571be e-flex e-con-boxed wpr-particle-no wpr-jarallax-no wpr-parallax-no wpr-sticky-section-no e-con e-parent\" data-id=\"3a571be\" data-element_type=\"container\" data-e-type=\"container\">\n\t\t\t\t\t<div class=\"e-con-inner\">\n\t\t\t\t<div class=\"elementor-element elementor-element-be2e813 elementor-widget elementor-widget-html\" data-id=\"be2e813\" data-element_type=\"widget\" data-e-type=\"widget\" data-widget_type=\"html.default\">\n\t\t\t\t<div class=\"elementor-widget-container\">\n\t\t\t\t\t<!DOCTYPE html>\r\n<html lang=\"pt-BR\">\r\n<head>\r\n  <meta charset=\"UTF-8\">\r\n  <title>Pol\u00edtica de N\u00e3o Reembolso - Produtos Digitais<\/title>\r\n  <meta name=\"viewport\" content=\"width=device-width, initial-scale=1.0\">\r\n  <link href=\"https:\/\/fonts.googleapis.com\/css2?family=Poppins:wght@400;600&display=swap\" rel=\"stylesheet\">\r\n  <style>\r\n    body {\r\n      font-family: 'Poppins', sans-serif;\r\n      background-color: #f5f5f5;\r\n      color: #111;\r\n      margin: 0;\r\n      padding: 20px;\r\n    }\r\n\r\n    .container {\r\n      max-width: 900px;\r\n      margin: auto;\r\n      background-color: #fff;\r\n      border-radius: 12px;\r\n      padding: 40px;\r\n      box-shadow: 0 0 12px rgba(0, 0, 0, 0.05);\r\n    }\r\n\r\n    h1 {\r\n      color: #000;\r\n      font-size: 28px;\r\n      margin-bottom: 20px;\r\n    }\r\n\r\n    h2 {\r\n      font-size: 20px;\r\n      color: #333;\r\n      margin-top: 30px;\r\n    }\r\n\r\n    p {\r\n      font-size: 16px;\r\n      line-height: 1.7;\r\n      margin-bottom: 20px;\r\n    }\r\n\r\n    strong {\r\n      color: #000;\r\n    }\r\n\r\n    .nota {\r\n      background-color: #ffe9e9;\r\n      border-left: 5px solid #e00;\r\n      padding: 15px;\r\n      border-radius: 8px;\r\n      margin-top: 20px;\r\n    }\r\n  <\/style>\r\n<\/head>\r\n<body>\r\n  <div class=\"container\">\r\n    <h1>Pol\u00edtica de N\u00e3o Reembolso para Produtos Digitais Baix\u00e1veis<\/h1>\r\n\r\n    <p>\r\n      Ao adquirir um produto digital disponibilizado para download imediato na plataforma <strong>ABCV Nacional<\/strong>, o cliente concorda expressamente com a presente pol\u00edtica de n\u00e3o reembolso.\r\n    <\/p>\r\n\r\n    <p>\r\n      Os produtos classificados como <strong>infoprodutos de natureza digital e baix\u00e1vel<\/strong> n\u00e3o est\u00e3o sujeitos ao direito de arrependimento ap\u00f3s o in\u00edcio do download, conforme previsto no artigo 49 do C\u00f3digo de Defesa do Consumidor e na regulamenta\u00e7\u00e3o do com\u00e9rcio eletr\u00f4nico. A partir do momento em que o arquivo digital \u00e9 acessado, baixado ou transferido, entende-se que a entrega foi plenamente realizada, impossibilitando o cancelamento ou estorno da compra.\r\n    <\/p>\r\n\r\n    <div class=\"nota\">\r\n      <p><strong>Nota importante:<\/strong><br>\r\n      Por se tratar de um infoproduto, cujo acesso integral se d\u00e1 por meio do primeiro acesso, bem como por meio do seu primeiro download, que facilitam sua reprodu\u00e7\u00e3o e armazenamento, os produtos digitais n\u00e3o est\u00e3o sujeitos ao direito de arrependimento e sua compra n\u00e3o pode ser cancelada\/estornada.<\/p>\r\n    <\/div>\r\n\r\n    <h2>Motivo da Irreversibilidade<\/h2>\r\n    <p>\r\n      Diferente de produtos f\u00edsicos, os arquivos digitais podem ser facilmente copiados, armazenados e distribu\u00eddos, tornando invi\u00e1vel o seu \"retorno\". Ao realizar o download de um produto digital em nossa plataforma, o cliente passa a ter posse definitiva do conte\u00fado, mesmo que solicite posteriormente o reembolso. Essa condi\u00e7\u00e3o torna a opera\u00e7\u00e3o irrevers\u00edvel do ponto de vista da integridade do produto.\r\n    <\/p>\r\n\r\n    <h2>Transpar\u00eancia e Aceite da Pol\u00edtica<\/h2>\r\n    <p>\r\n      Todos os produtos da plataforma ABCV possuem descri\u00e7\u00f5es claras e detalhadas, incluindo a natureza do conte\u00fado (digital e baix\u00e1vel). Antes de finalizar a compra, o usu\u00e1rio \u00e9 informado sobre essa pol\u00edtica, e o ato da aquisi\u00e7\u00e3o representa a ci\u00eancia e concord\u00e2ncia com estas condi\u00e7\u00f5es. Refor\u00e7amos que \u00e9 responsabilidade do comprador verificar atentamente as caracter\u00edsticas do produto antes da confirma\u00e7\u00e3o da compra.\r\n    <\/p>\r\n\r\n    <h2>Compromisso com a Qualidade<\/h2>\r\n    <p>\r\n      Estamos comprometidos com a entrega de produtos digitais de alta qualidade e suporte adequado aos nossos clientes. Caso identifique qualquer problema t\u00e9cnico com o arquivo recebido, nossa equipe estar\u00e1 dispon\u00edvel para realizar os devidos reparos ou reenvios, quando aplic\u00e1vel, mas n\u00e3o para realizar reembolsos ap\u00f3s o download ter sido conclu\u00eddo.\r\n    <\/p>\r\n    \r\n    <p>\r\n      Para quaisquer d\u00favidas adicionais, nossa equipe de atendimento estar\u00e1 \u00e0 disposi\u00e7\u00e3o para esclarecimentos.\r\n    <\/p>\r\n  <\/div>\r\n<\/body>\r\n<\/html>\r\n\t\t\t\t<\/div>\n\t\t\t\t<\/div>\n\t\t\t\t\t<\/div>\n\t\t\t\t<\/div>\n\t\t\t\t<\/div>","protected":false},"excerpt":{"rendered":"<p>Pol\u00edtica de N\u00e3o Reembolso &#8211; Produtos Digitais Pol\u00edtica de N\u00e3o Reembolso para Produtos Digitais Baix\u00e1veis Ao adquirir um<\/p>","protected":false},"author":1,"featured_media":0,"parent":0,"menu_order":0,"comment_status":"closed","ping_status":"closed","template":"elementor_header_footer","meta":{"inline_featured_image":false,"_tutorstarter_page_metadata":[],"footnotes":""},"class_list":["post-1687","page","type-page","status-publish","hentry"],"_links":{"self":[{"href":"https:\/\/abcvnacional.org.br\/es\/wp-json\/wp\/v2\/pages\/1687","targetHints":{"allow":["GET"]}}],"collection":[{"href":"https:\/\/abcvnacional.org.br\/es\/wp-json\/wp\/v2\/pages"}],"about":[{"href":"https:\/\/abcvnacional.org.br\/es\/wp-json\/wp\/v2\/types\/page"}],"author":[{"embeddable":true,"href":"https:\/\/abcvnacional.org.br\/es\/wp-json\/wp\/v2\/users\/1"}],"replies":[{"embeddable":true,"href":"https:\/\/abcvnacional.org.br\/es\/wp-json\/wp\/v2\/comments?post=1687"}],"version-history":[{"count":4,"href":"https:\/\/abcvnacional.org.br\/es\/wp-json\/wp\/v2\/pages\/1687\/revisions"}],"predecessor-version":[{"id":1692,"href":"https:\/\/abcvnacional.org.br\/es\/wp-json\/wp\/v2\/pages\/1687\/revisions\/1692"}],"wp:attachment":[{"href":"https:\/\/abcvnacional.org.br\/es\/wp-json\/wp\/v2\/media?parent=1687"}],"curies":[{"name":"wp","href":"https:\/\/api.w.org\/{rel}","templated":true}]}}