{"id":1299,"date":"2025-07-23T15:48:23","date_gmt":"2025-07-23T18:48:23","guid":{"rendered":"https:\/\/abcvnacional.org.br\/?page_id=1299"},"modified":"2025-08-15T14:51:46","modified_gmt":"2025-08-15T17:51:46","slug":"guiadoaluno","status":"publish","type":"page","link":"https:\/\/abcvnacional.org.br\/es\/guiadoaluno\/","title":{"rendered":"Gu\u00eda pr\u00e1ctica del estudiante"},"content":{"rendered":"\t\t<div data-elementor-type=\"wp-page\" data-elementor-id=\"1299\" class=\"elementor elementor-1299\" data-elementor-post-type=\"page\">\n\t\t\t\t<div class=\"elementor-element elementor-element-34457a74 e-flex e-con-boxed wpr-particle-no wpr-jarallax-no wpr-parallax-no wpr-sticky-section-no wpr-equal-height-no e-con e-parent\" data-id=\"34457a74\" data-element_type=\"container\" data-e-type=\"container\" data-settings=\"{&quot;background_background&quot;:&quot;classic&quot;}\">\n\t\t\t\t\t<div class=\"e-con-inner\">\n\t\t\t\t<div class=\"elementor-element elementor-element-1ba24e52 elementor-widget elementor-widget-heading\" data-id=\"1ba24e52\" data-element_type=\"widget\" data-e-type=\"widget\" data-widget_type=\"heading.default\">\n\t\t\t\t<div class=\"elementor-widget-container\">\n\t\t\t\t\t<h2 class=\"elementor-heading-title elementor-size-default\">Assista o guia pr\u00e1tico de acesso a Plataforma:<\/h2>\t\t\t\t<\/div>\n\t\t\t\t<\/div>\n\t\t<div class=\"elementor-element elementor-element-06bd876 e-con-full e-flex wpr-particle-no wpr-jarallax-no wpr-parallax-no wpr-sticky-section-no wpr-equal-height-no e-con e-child\" data-id=\"06bd876\" data-element_type=\"container\" data-e-type=\"container\">\n\t\t\t\t<div class=\"elementor-element elementor-element-fa9cdb5 elementor-widget elementor-widget-html\" data-id=\"fa9cdb5\" data-element_type=\"widget\" data-e-type=\"widget\" data-widget_type=\"html.default\">\n\t\t\t\t<div class=\"elementor-widget-container\">\n\t\t\t\t\t<div style=\"position:relative;padding-top:56.25%;\"><iframe id=\"panda-b6a85667-6715-4fd1-b9ac-86d8ab44fff9\" src=\"https:\/\/player-vz-a27a3b33-453.tv.pandavideo.com.br\/embed\/?v=b6a85667-6715-4fd1-b9ac-86d8ab44fff9\" style=\"border:none;position:absolute;top:0;left:0;\" allow=\"accelerometer;gyroscope;autoplay;encrypted-media;picture-in-picture\" allowfullscreen=true width=\"100%\" height=\"100%\" fetchpriority=\"high\"><\/iframe><\/div>\t\t\t\t<\/div>\n\t\t\t\t<\/div>\n\t\t\t\t<\/div>\n\t\t\t\t<div class=\"elementor-element elementor-element-486d458b elementor-widget elementor-widget-text-editor\" data-id=\"486d458b\" data-element_type=\"widget\" data-e-type=\"widget\" data-widget_type=\"text-editor.default\">\n\t\t\t\t<div class=\"elementor-widget-container\">\n\t\t\t\t\t\t\t\t\t<p>Depois de assistir ao v\u00eddeo, acesse o painel clicando no bot\u00e3o abaixo<\/p>\t\t\t\t\t\t\t\t<\/div>\n\t\t\t\t<\/div>\n\t\t\t\t<div class=\"elementor-element elementor-element-7a6b228c elementor-align-center elementor-mobile-align-justify elementor-widget-mobile__width-initial elementor-widget elementor-widget-button\" data-id=\"7a6b228c\" data-element_type=\"widget\" data-e-type=\"widget\" data-widget_type=\"button.default\">\n\t\t\t\t<div class=\"elementor-widget-container\">\n\t\t\t\t\t\t\t\t\t<div class=\"elementor-button-wrapper\">\n\t\t\t\t\t<a class=\"elementor-button elementor-button-link elementor-size-lg\" href=\"https:\/\/abcvnacional.org.br\/painel\/\">\n\t\t\t\t\t\t<span class=\"elementor-button-content-wrapper\">\n\t\t\t\t\t\t\t\t\t<span class=\"elementor-button-text\">ACESSAR PAINEL DO ALUNO<\/span>\n\t\t\t\t\t<\/span>\n\t\t\t\t\t<\/a>\n\t\t\t\t<\/div>\n\t\t\t\t\t\t\t\t<\/div>\n\t\t\t\t<\/div>\n\t\t\t\t<div class=\"elementor-element elementor-element-f0a3b82 elementor-widget elementor-widget-text-editor\" data-id=\"f0a3b82\" data-element_type=\"widget\" data-e-type=\"widget\" data-widget_type=\"text-editor.default\">\n\t\t\t\t<div class=\"elementor-widget-container\">\n\t\t\t\t\t\t\t\t\t<p>Confira seu treinamento ou produto na aba do Painel do aluno &#8220;Cursos Matriculados&#8221;<\/p>\t\t\t\t\t\t\t\t<\/div>\n\t\t\t\t<\/div>\n\t\t\t\t<div class=\"elementor-element elementor-element-87cb975 elementor-widget__width-initial elementor-widget elementor-widget-image\" data-id=\"87cb975\" data-element_type=\"widget\" data-e-type=\"widget\" data-widget_type=\"image.default\">\n\t\t\t\t<div class=\"elementor-widget-container\">\n\t\t\t\t\t\t\t\t\t\t\t\t\t\t\t<img fetchpriority=\"high\" decoding=\"async\" width=\"1881\" height=\"881\" src=\"https:\/\/abcvnacional.org.br\/wp-content\/uploads\/2025\/07\/1-1.png\" class=\"attachment-full size-full wp-image-1316\" alt=\"\" srcset=\"https:\/\/abcvnacional.org.br\/wp-content\/uploads\/2025\/07\/1-1.png 1881w, https:\/\/abcvnacional.org.br\/wp-content\/uploads\/2025\/07\/1-1-300x141.png 300w, https:\/\/abcvnacional.org.br\/wp-content\/uploads\/2025\/07\/1-1-1024x480.png 1024w, https:\/\/abcvnacional.org.br\/wp-content\/uploads\/2025\/07\/1-1-768x360.png 768w, https:\/\/abcvnacional.org.br\/wp-content\/uploads\/2025\/07\/1-1-1536x719.png 1536w, https:\/\/abcvnacional.org.br\/wp-content\/uploads\/2025\/07\/1-1-18x8.png 18w, https:\/\/abcvnacional.org.br\/wp-content\/uploads\/2025\/07\/1-1-600x281.png 600w, https:\/\/abcvnacional.org.br\/wp-content\/uploads\/2025\/07\/1-1-107x50.png 107w\" sizes=\"(max-width: 1881px) 100vw, 1881px\" \/>\t\t\t\t\t\t\t\t\t\t\t\t\t\t\t<\/div>\n\t\t\t\t<\/div>\n\t\t\t\t<div class=\"elementor-element elementor-element-684be00 elementor-widget elementor-widget-html\" data-id=\"684be00\" data-element_type=\"widget\" data-e-type=\"widget\" data-widget_type=\"html.default\">\n\t\t\t\t<div class=\"elementor-widget-container\">\n\t\t\t\t\t<div style=\"max-width:720px;margin:auto;font-family:'Poppins',sans-serif;\">\r\n  <div style=\"background:#fff;border:1px solid #ccc;border-radius:18px;box-shadow:0 4px 20px rgba(0,0,0,0.05);padding:28px;\">\r\n    <h1 style=\"margin:0 0 10px;font-size:28px;font-weight:700;color:#222;\">Suporte de Acesso<\/h1>\r\n    <p style=\"margin:0 0 20px;color:#555;font-size:14px;line-height:1.6;\">\r\n      Se mesmo assim voc\u00ea n\u00e3o conseguiu acessar o seu treinamento ou produto, siga as instru\u00e7\u00f5es abaixo:\r\n    <\/p>\r\n\r\n    <form id=\"supportForm\" novalidate>\r\n      <div id=\"errorBox\" style=\"display:none;background:#ffe5f0;border:1px solid #ffb8d4;color:#b30053;border-radius:10px;padding:10px 12px;font-size:12px;margin-bottom:12px;\">\r\n        Por favor, preencha todos os campos obrigat\u00f3rios corretamente.\r\n      <\/div>\r\n\r\n      <div style=\"margin-bottom:16px;\">\r\n        <label for=\"nome\" style=\"display:block;font-size:13px;margin:0 0 8px;font-weight:600;\">Nome completo <span style=\"color:#CA3986;\">*<\/span><\/label>\r\n        <input style=\"width:100%;background:#fff;color:#222;border:1px solid #ccc;border-radius:12px;padding:12px 14px;font-size:14px;\" type=\"text\" id=\"nome\" name=\"nome\" placeholder=\"Ex.: Maria Souza\" autocomplete=\"name\" required>\r\n      <\/div>\r\n\r\n      <div style=\"margin-bottom:16px;\">\r\n        <label for=\"email\" style=\"display:block;font-size:13px;margin:0 0 8px;font-weight:600;\">E-mail de compra <span style=\"color:#CA3986;\">*<\/span><\/label>\r\n        <input style=\"width:100%;background:#fff;color:#222;border:1px solid #ccc;border-radius:12px;padding:12px 14px;font-size:14px;\" type=\"email\" id=\"email\" name=\"email\" placeholder=\"seuemail@exemplo.com\" autocomplete=\"email\" required>\r\n      <\/div>\r\n\r\n      <div style=\"margin-bottom:16px;\">\r\n        <label for=\"assunto\" style=\"display:block;font-size:13px;margin:0 0 8px;font-weight:600;\">Assunto <span style=\"color:#CA3986;\">*<\/span><\/label>\r\n        <select style=\"width:100%;background:#fff;color:#222;border:1px solid #ccc;border-radius:12px;padding:12px 14px;font-size:14px;cursor:pointer;\" id=\"assunto\" name=\"assunto\" required>\r\n          <option value=\"\" selected disabled>Selecione o assunto<\/option>\r\n          <option>Acesso<\/option>\r\n          <option>troca de e-mail<\/option>\r\n          <option>D\u00favida sobre um produto<\/option>\r\n        <\/select>\r\n      <\/div>\r\n\r\n      <button type=\"submit\" style=\"display:inline-block;width:100%;border:0;color:#fff;font-weight:700;font-size:15px;padding:14px 18px;border-radius:14px;background:linear-gradient(90deg,#CA3986,#F545A3);box-shadow:0 8px 20px rgba(202,57,134,0.35);cursor:pointer;\">\r\n        Enviar\r\n      <\/button>\r\n\r\n      <p style=\"margin-top:18px;font-size:12px;line-height:1.6;color:#555;text-align:center;\">\r\n        Suporte de segunda a sexta feira das 08:00 as 12h e das 13:00 as 18h mensagens aos fins de semana ser\u00e3o respondidas no pr\u00f3ximo dia \u00fatil.\r\n      <\/p>\r\n    <\/form>\r\n  <\/div>\r\n<\/div>\r\n\r\n<script>\r\n(function(){\r\n  const form = document.getElementById('supportForm');\r\n  const errorBox = document.getElementById('errorBox');\r\n\r\n  function validEmail(email){\r\n    return \/^[^\\s@]+@[^\\s@]+\\.[^\\s@]+$\/.test(email);\r\n  }\r\n\r\n  form.addEventListener('submit', function(e){\r\n    e.preventDefault();\r\n    errorBox.style.display = 'none';\r\n\r\n    const nome = document.getElementById('nome').value.trim();\r\n    const email = document.getElementById('email').value.trim();\r\n    const assuntoEl = document.getElementById('assunto');\r\n    const assunto = assuntoEl.value;\r\n\r\n    if(!nome || !validEmail(email) || !assunto){\r\n      errorBox.style.display = 'block';\r\n      return;\r\n    }\r\n\r\n    const texto = \r\n`Nome completo: ${nome}\r\nE-mail de compra: ${email}\r\nAssunto: ${assunto}`;\r\n\r\n    const numero = '5521964528084'; \/\/ n\u00famero atualizado\r\n    const url = 'https:\/\/wa.me\/' + numero + '?text=' + encodeURIComponent(texto);\r\n    window.open(url, '_blank', 'noopener');\r\n  });\r\n})();\r\n<\/script>\r\n\t\t\t\t<\/div>\n\t\t\t\t<\/div>\n\t\t\t\t\t<\/div>\n\t\t\t\t<\/div>\n\t\t\t\t<\/div>\n\t\t","protected":false},"excerpt":{"rendered":"<p>Assista o guia pr\u00e1tico de acesso a Plataforma: Depois de assistir ao v\u00eddeo, acesse o painel clicando no<\/p>","protected":false},"author":1,"featured_media":0,"parent":0,"menu_order":0,"comment_status":"closed","ping_status":"closed","template":"elementor_header_footer","meta":{"inline_featured_image":false,"_tutorstarter_page_metadata":[],"footnotes":""},"class_list":["post-1299","page","type-page","status-publish","hentry"],"_links":{"self":[{"href":"https:\/\/abcvnacional.org.br\/es\/wp-json\/wp\/v2\/pages\/1299","targetHints":{"allow":["GET"]}}],"collection":[{"href":"https:\/\/abcvnacional.org.br\/es\/wp-json\/wp\/v2\/pages"}],"about":[{"href":"https:\/\/abcvnacional.org.br\/es\/wp-json\/wp\/v2\/types\/page"}],"author":[{"embeddable":true,"href":"https:\/\/abcvnacional.org.br\/es\/wp-json\/wp\/v2\/users\/1"}],"replies":[{"embeddable":true,"href":"https:\/\/abcvnacional.org.br\/es\/wp-json\/wp\/v2\/comments?post=1299"}],"version-history":[{"count":22,"href":"https:\/\/abcvnacional.org.br\/es\/wp-json\/wp\/v2\/pages\/1299\/revisions"}],"predecessor-version":[{"id":1850,"href":"https:\/\/abcvnacional.org.br\/es\/wp-json\/wp\/v2\/pages\/1299\/revisions\/1850"}],"wp:attachment":[{"href":"https:\/\/abcvnacional.org.br\/es\/wp-json\/wp\/v2\/media?parent=1299"}],"curies":[{"name":"wp","href":"https:\/\/api.w.org\/{rel}","templated":true}]}}